{"id":256,"date":"2025-12-11T09:07:01","date_gmt":"2025-12-11T09:07:01","guid":{"rendered":"https:\/\/www.cromtest.com\/ana-sayfa\/?page_id=256"},"modified":"2025-12-18T13:58:14","modified_gmt":"2025-12-18T13:58:14","slug":"hakkimizda","status":"publish","type":"page","link":"https:\/\/www.cromtest.com\/ana-sayfa\/sayfalar\/hakkimizda\/","title":{"rendered":"Hakk\u0131m\u0131zda"},"content":{"rendered":"\n\n\t<section class=\"section\" id=\"section_1887307264\">\n\t\t<div class=\"section-bg fill\" >\n\t\t\t\t\t\t\t\t\t\n\t\t\t\n\n\t\t<\/div>\n\n\t\t\n\n\t\t<div class=\"section-content relative\">\n\t\t\t\n\n<div class=\"row row-collapse row-full-width align-middle\"  id=\"row-2146494648\">\n\n\n\t<div id=\"col-1012243448\" class=\"col medium-6 large-6\"  >\n\t\t\t\t<div class=\"col-inner\"  >\n\t\t\t\n\t\t\t\n\n\t<div id=\"text-446199380\" class=\"text\">\n\t\t\n\n<h1><strong>Hakk\u0131m\u0131zda<\/strong><\/h1>\n\t\t\n<style>\n#text-446199380 {\n  font-size: 1.5rem;\n}\n<\/style>\n\t<\/div>\n\t\n\t<div id=\"text-1476840897\" class=\"text\">\n\t\t\n\n<p>CROMTEST, topluma do\u011fru, g\u00fcvenilir ve kullan\u0131c\u0131 dostu bir uyu\u015fturucu test deneyimi sunmak amac\u0131yla kurulmu\u015ftur. Testlerimiz, ister evde ister laboratuvarlar ve i\u015f yerlerinde, dakikalar i\u00e7inde net sonu\u00e7lar sa\u011flar.<\/p>\n\t\t\n<style>\n#text-1476840897 {\n  font-size: 1.1rem;\n  line-height: 1.6;\n}\n<\/style>\n\t<\/div>\n\t\n\n\t\t<\/div>\n\t\t\t\t\n<style>\n#col-1012243448 > .col-inner {\n  padding: 3% 10% 3% 10%;\n}\n<\/style>\n\t<\/div>\n\n\t\n\n\t<div id=\"col-152257529\" class=\"col medium-6 large-6\"  >\n\t\t\t\t<div class=\"col-inner\"  >\n\t\t\t\n\t\t\t\n\n\t<div class=\"img has-hover x md-x lg-x y md-y lg-y\" id=\"image_1242950759\">\n\t\t\t\t\t\t\t\t<div class=\"img-inner image-zoom dark\" >\n\t\t\t<img loading=\"lazy\" decoding=\"async\" width=\"1702\" height=\"1191\" src=\"https:\/\/www.cromtest.com\/wp-content\/uploads\/2025\/12\/Kutu-ve-Kaset-urun-gorseli-V.2.png\" class=\"attachment-2048x2048 size-2048x2048\" alt=\"\" srcset=\"https:\/\/www.cromtest.com\/wp-content\/uploads\/2025\/12\/Kutu-ve-Kaset-urun-gorseli-V.2.png 1702w, https:\/\/www.cromtest.com\/wp-content\/uploads\/2025\/12\/Kutu-ve-Kaset-urun-gorseli-V.2-300x210.png 300w, https:\/\/www.cromtest.com\/wp-content\/uploads\/2025\/12\/Kutu-ve-Kaset-urun-gorseli-V.2-1024x717.png 1024w, https:\/\/www.cromtest.com\/wp-content\/uploads\/2025\/12\/Kutu-ve-Kaset-urun-gorseli-V.2-768x537.png 768w, https:\/\/www.cromtest.com\/wp-content\/uploads\/2025\/12\/Kutu-ve-Kaset-urun-gorseli-V.2-1536x1075.png 1536w, https:\/\/www.cromtest.com\/wp-content\/uploads\/2025\/12\/Kutu-ve-Kaset-urun-gorseli-V.2-1320x924.png 1320w, https:\/\/www.cromtest.com\/wp-content\/uploads\/2025\/12\/Kutu-ve-Kaset-urun-gorseli-V.2-600x420.png 600w\" sizes=\"auto, (max-width: 1702px) 100vw, 1702px\" \/>\t\t\t\t\t\t\n\t\t\t\t\t<\/div>\n\t\t\t\t\t\t\t\t\n<style>\n#image_1242950759 {\n  width: 100%;\n}\n<\/style>\n\t<\/div>\n\t\n\n\n\t\t<\/div>\n\t\t\t\t\t<\/div>\n\n\t\n\n<\/div>\n<div class=\"row align-middle\"  id=\"row-980431009\">\n\n\n\t<div id=\"col-687532165\" class=\"col medium-3 small-12 large-3\"  >\n\t\t\t\t<div class=\"col-inner\"  >\n\t\t\t\n\t\t\t\n\n\t<div class=\"img has-hover x md-x lg-x y md-y lg-y\" id=\"image_2102427303\">\n\t\t\t\t\t\t\t\t<div class=\"img-inner dark\" >\n\t\t\t<img loading=\"lazy\" decoding=\"async\" width=\"852\" height=\"852\" src=\"https:\/\/www.cromtest.com\/wp-content\/uploads\/2025\/12\/kolay_kullanim.png\" class=\"attachment-2048x2048 size-2048x2048\" alt=\"\" srcset=\"https:\/\/www.cromtest.com\/wp-content\/uploads\/2025\/12\/kolay_kullanim.png 852w, https:\/\/www.cromtest.com\/wp-content\/uploads\/2025\/12\/kolay_kullanim-300x300.png 300w, https:\/\/www.cromtest.com\/wp-content\/uploads\/2025\/12\/kolay_kullanim-150x150.png 150w, https:\/\/www.cromtest.com\/wp-content\/uploads\/2025\/12\/kolay_kullanim-768x768.png 768w, https:\/\/www.cromtest.com\/wp-content\/uploads\/2025\/12\/kolay_kullanim-600x600.png 600w, https:\/\/www.cromtest.com\/wp-content\/uploads\/2025\/12\/kolay_kullanim-100x100.png 100w\" sizes=\"auto, (max-width: 852px) 100vw, 852px\" \/>\t\t\t\t\t\t\n\t\t\t\t\t<\/div>\n\t\t\t\t\t\t\t\t\n<style>\n#image_2102427303 {\n  width: 100%;\n}\n<\/style>\n\t<\/div>\n\t\n\n\n\t\t<\/div>\n\t\t\t\t\t<\/div>\n\n\t\n\n\t<div id=\"col-691842404\" class=\"col medium-9 small-12 large-9\"  >\n\t\t\t\t<div class=\"col-inner\"  >\n\t\t\t\n\t\t\t\n\n\t<div id=\"text-4144001670\" class=\"text\">\n\t\t\n\n<h3>Kolay Kullan\u0131m +<\/p>\n\t\t\n<style>\n#text-4144001670 {\n  font-size: 1.1rem;\n  line-height: 1.6;\n  text-align: left;\n}\n<\/style>\n\t<\/div>\n\t\n\t<div id=\"text-3958644201\" class=\"text\">\n\t\t\n\n<p>Kullan\u0131m\u0131 son derece kolay olan testlerimiz, kapal\u0131 ambalaj\u0131 ile kap\u0131n\u0131za kadar teslim edilir. Paket i\u00e7erisinde, ad\u0131m ad\u0131m haz\u0131rlanm\u0131\u015f a\u00e7\u0131k ve anla\u015f\u0131l\u0131r kullan\u0131m talimatlar\u0131 yer almaktad\u0131r.<\/p>\n\t\t\n<style>\n#text-3958644201 {\n  font-size: 1.1rem;\n  line-height: 1.6;\n  text-align: left;\n}\n<\/style>\n\t<\/div>\n\t\n\n\t\t<\/div>\n\t\t\t\t\t<\/div>\n\n\t\n\n\t<div id=\"col-1888279857\" class=\"col medium-9 small-12 large-9\"  >\n\t\t\t\t<div class=\"col-inner\"  >\n\t\t\t\n\t\t\t\n\n\t<div id=\"text-2260461633\" class=\"text\">\n\t\t\n\n<h3>+ H\u0131zl\u0131 Destek<\/p>\n\t\t\n<style>\n#text-2260461633 {\n  font-size: 1.1rem;\n  line-height: 1.6;\n  text-align: right;\n}\n<\/style>\n\t<\/div>\n\t\n\t<div id=\"text-2201082143\" class=\"text\">\n\t\t\n\n<p data-start=\"713\" data-end=\"907\">M\u00fc\u015fteri destek ekibimiz size yard\u0131mc\u0131 olmaktan memnuniyet duyar. CROM TEST yaln\u0131zca bir \u00fcr\u00fcn de\u011fil; test s\u00fcreciniz boyunca kendinizi g\u00fcvende hissetmenizi ama\u00e7layan bir hizmet anlay\u0131\u015f\u0131d\u0131r.<\/p>\n\t\t\n<style>\n#text-2201082143 {\n  font-size: 1.1rem;\n  line-height: 1.6;\n  text-align: right;\n}\n<\/style>\n\t<\/div>\n\t\n\n\t\t<\/div>\n\t\t\t\t\t<\/div>\n\n\t\n\n\t<div id=\"col-880417178\" class=\"col medium-3 small-12 large-3\"  >\n\t\t\t\t<div class=\"col-inner\"  >\n\t\t\t\n\t\t\t\n\n\t<div class=\"img has-hover x md-x lg-x y md-y lg-y\" id=\"image_143141981\">\n\t\t\t\t\t\t\t\t<div class=\"img-inner dark\" >\n\t\t\t<img loading=\"lazy\" decoding=\"async\" width=\"852\" height=\"852\" src=\"https:\/\/www.cromtest.com\/wp-content\/uploads\/2025\/12\/hizli_destek.png\" class=\"attachment-2048x2048 size-2048x2048\" alt=\"\" srcset=\"https:\/\/www.cromtest.com\/wp-content\/uploads\/2025\/12\/hizli_destek.png 852w, https:\/\/www.cromtest.com\/wp-content\/uploads\/2025\/12\/hizli_destek-300x300.png 300w, https:\/\/www.cromtest.com\/wp-content\/uploads\/2025\/12\/hizli_destek-150x150.png 150w, https:\/\/www.cromtest.com\/wp-content\/uploads\/2025\/12\/hizli_destek-768x768.png 768w, https:\/\/www.cromtest.com\/wp-content\/uploads\/2025\/12\/hizli_destek-600x600.png 600w, https:\/\/www.cromtest.com\/wp-content\/uploads\/2025\/12\/hizli_destek-100x100.png 100w\" sizes=\"auto, (max-width: 852px) 100vw, 852px\" \/>\t\t\t\t\t\t\n\t\t\t\t\t<\/div>\n\t\t\t\t\t\t\t\t\n<style>\n#image_143141981 {\n  width: 100%;\n}\n<\/style>\n\t<\/div>\n\t\n\n\n\t\t<\/div>\n\t\t\t\t\t<\/div>\n\n\t\n\n\t<div id=\"col-341194442\" class=\"col medium-3 small-12 large-3\"  >\n\t\t\t\t<div class=\"col-inner\"  >\n\t\t\t\n\t\t\t\n\n\t<div class=\"img has-hover x md-x lg-x y md-y lg-y\" id=\"image_1125422159\">\n\t\t\t\t\t\t\t\t<div class=\"img-inner dark\" >\n\t\t\t<img loading=\"lazy\" decoding=\"async\" width=\"852\" height=\"852\" src=\"https:\/\/www.cromtest.com\/wp-content\/uploads\/2025\/12\/ayricalik.png\" class=\"attachment-2048x2048 size-2048x2048\" alt=\"\" srcset=\"https:\/\/www.cromtest.com\/wp-content\/uploads\/2025\/12\/ayricalik.png 852w, https:\/\/www.cromtest.com\/wp-content\/uploads\/2025\/12\/ayricalik-300x300.png 300w, https:\/\/www.cromtest.com\/wp-content\/uploads\/2025\/12\/ayricalik-150x150.png 150w, https:\/\/www.cromtest.com\/wp-content\/uploads\/2025\/12\/ayricalik-768x768.png 768w, https:\/\/www.cromtest.com\/wp-content\/uploads\/2025\/12\/ayricalik-600x600.png 600w, https:\/\/www.cromtest.com\/wp-content\/uploads\/2025\/12\/ayricalik-100x100.png 100w\" sizes=\"auto, (max-width: 852px) 100vw, 852px\" \/>\t\t\t\t\t\t\n\t\t\t\t\t<\/div>\n\t\t\t\t\t\t\t\t\n<style>\n#image_1125422159 {\n  width: 100%;\n}\n<\/style>\n\t<\/div>\n\t\n\n\n\t\t<\/div>\n\t\t\t\t\t<\/div>\n\n\t\n\n\t<div id=\"col-1432306880\" class=\"col medium-9 small-12 large-9\"  >\n\t\t\t\t<div class=\"col-inner\"  >\n\t\t\t\n\t\t\t\n\n\t<div id=\"text-4000726601\" class=\"text\">\n\t\t\n\n<h3>Ayr\u0131cal\u0131k +<\/p>\n\t\t\n<style>\n#text-4000726601 {\n  font-size: 1.1rem;\n  line-height: 1.6;\n  text-align: left;\n}\n<\/style>\n\t<\/div>\n\t\n\t<div id=\"text-352417592\" class=\"text\">\n\t\t\n\n<p data-start=\"938\" data-end=\"1073\">D\u00fc\u015f\u00fck seviye ve \u00e7oklu uyu\u015fturucu tespit se\u00e7enekleri sayesinde, m\u00fc\u015fterilerimize sekt\u00f6rdeki en y\u00fcksek do\u011fruluk oranlar\u0131ndan birini sunuyoruz.<\/p>\n\t\t\n<style>\n#text-352417592 {\n  font-size: 1.1rem;\n  line-height: 1.6;\n  text-align: left;\n}\n<\/style>\n\t<\/div>\n\t\n\n\t\t<\/div>\n\t\t\t\t\t<\/div>\n\n\t\n\n\t<div id=\"col-1532637262\" class=\"col medium-9 small-12 large-9\"  >\n\t\t\t\t<div class=\"col-inner\"  >\n\t\t\t\n\t\t\t\n\n\t<div id=\"text-4082563351\" class=\"text\">\n\t\t\n\n<h3>+ G\u00fcven<\/p>\n\t\t\n<style>\n#text-4082563351 {\n  font-size: 1.1rem;\n  line-height: 1.6;\n  text-align: right;\n}\n<\/style>\n\t<\/div>\n\t\n\t<div id=\"text-2629110322\" class=\"text\">\n\t\t\n\n<p data-start=\"1104\" data-end=\"1230\">CROM TEST, laboratuvarlarda kullan\u0131lan standart imm\u00fcnoassay y\u00f6ntemini kulland\u0131\u011f\u0131 i\u00e7in, sonu\u00e7lar\u0131n\u0131z\u0131n do\u011frulu\u011fundan emin olabilirsiniz.<\/p>\n\t\t\n<style>\n#text-2629110322 {\n  font-size: 1.1rem;\n  line-height: 1.6;\n  text-align: right;\n}\n<\/style>\n\t<\/div>\n\t\n\n\t\t<\/div>\n\t\t\t\t\t<\/div>\n\n\t\n\n\t<div id=\"col-527305227\" class=\"col medium-3 small-12 large-3\"  >\n\t\t\t\t<div class=\"col-inner\"  >\n\t\t\t\n\t\t\t\n\n\t<div class=\"img has-hover x md-x lg-x y md-y lg-y\" id=\"image_1763581000\">\n\t\t\t\t\t\t\t\t<div class=\"img-inner dark\" >\n\t\t\t<img loading=\"lazy\" decoding=\"async\" width=\"852\" height=\"852\" src=\"https:\/\/www.cromtest.com\/wp-content\/uploads\/2025\/12\/guvenli_sonuc.png\" class=\"attachment-2048x2048 size-2048x2048\" alt=\"\" srcset=\"https:\/\/www.cromtest.com\/wp-content\/uploads\/2025\/12\/guvenli_sonuc.png 852w, https:\/\/www.cromtest.com\/wp-content\/uploads\/2025\/12\/guvenli_sonuc-300x300.png 300w, https:\/\/www.cromtest.com\/wp-content\/uploads\/2025\/12\/guvenli_sonuc-150x150.png 150w, https:\/\/www.cromtest.com\/wp-content\/uploads\/2025\/12\/guvenli_sonuc-768x768.png 768w, https:\/\/www.cromtest.com\/wp-content\/uploads\/2025\/12\/guvenli_sonuc-600x600.png 600w, https:\/\/www.cromtest.com\/wp-content\/uploads\/2025\/12\/guvenli_sonuc-100x100.png 100w\" sizes=\"auto, (max-width: 852px) 100vw, 852px\" \/>\t\t\t\t\t\t\n\t\t\t\t\t<\/div>\n\t\t\t\t\t\t\t\t\n<style>\n#image_1763581000 {\n  width: 100%;\n}\n<\/style>\n\t<\/div>\n\t\n\n\n\t\t<\/div>\n\t\t\t\t\t<\/div>\n\n\t\n\n\t<div id=\"col-503573398\" class=\"col small-12 large-12\"  >\n\t\t\t\t<div class=\"col-inner\"  >\n\t\t\t\n\t\t\t\n\n<div class=\"is-divider divider clearfix\" style=\"max-width:0px;height:10px;\"><\/div>\n\n\n\t\t<\/div>\n\t\t\t\t\t<\/div>\n\n\t\n\n<\/div>\n\n\t\t<\/div>\n\n\t\t\n<style>\n#section_1887307264 {\n  padding-top: 0px;\n  padding-bottom: 0px;\n}\n<\/style>\n\t<\/section>\n\t\n\n","protected":false},"excerpt":{"rendered":"","protected":false},"author":1,"featured_media":0,"parent":258,"menu_order":0,"comment_status":"closed","ping_status":"closed","template":"","meta":{"footnotes":""},"class_list":["post-256","page","type-page","status-publish","hentry"],"jetpack_sharing_enabled":true,"_links":{"self":[{"href":"https:\/\/www.cromtest.com\/ana-sayfa\/wp-json\/wp\/v2\/pages\/256","targetHints":{"allow":["GET"]}}],"collection":[{"href":"https:\/\/www.cromtest.com\/ana-sayfa\/wp-json\/wp\/v2\/pages"}],"about":[{"href":"https:\/\/www.cromtest.com\/ana-sayfa\/wp-json\/wp\/v2\/types\/page"}],"author":[{"embeddable":true,"href":"https:\/\/www.cromtest.com\/ana-sayfa\/wp-json\/wp\/v2\/users\/1"}],"replies":[{"embeddable":true,"href":"https:\/\/www.cromtest.com\/ana-sayfa\/wp-json\/wp\/v2\/comments?post=256"}],"version-history":[{"count":25,"href":"https:\/\/www.cromtest.com\/ana-sayfa\/wp-json\/wp\/v2\/pages\/256\/revisions"}],"predecessor-version":[{"id":369,"href":"https:\/\/www.cromtest.com\/ana-sayfa\/wp-json\/wp\/v2\/pages\/256\/revisions\/369"}],"up":[{"embeddable":true,"href":"https:\/\/www.cromtest.com\/ana-sayfa\/wp-json\/wp\/v2\/pages\/258"}],"wp:attachment":[{"href":"https:\/\/www.cromtest.com\/ana-sayfa\/wp-json\/wp\/v2\/media?parent=256"}],"curies":[{"name":"wp","href":"https:\/\/api.w.org\/{rel}","templated":true}]}}