{"id":472,"date":"2025-12-14T00:25:21","date_gmt":"2025-12-14T00:25:21","guid":{"rendered":"https:\/\/www.cromtest.com\/ana-sayfa\/?page_id=472"},"modified":"2025-12-22T08:51:40","modified_gmt":"2025-12-22T08:51:40","slug":"test-sonucunu-yorumlanmasi","status":"publish","type":"page","link":"https:\/\/www.cromtest.com\/ana-sayfa\/test-sonucunu-yorumlanmasi\/","title":{"rendered":"Test Sonucunu Yorumlanmas\u0131"},"content":{"rendered":"\n\n\t<section class=\"section\" id=\"section_796159717\">\n\t\t<div class=\"section-bg fill\" >\n\t\t\t\t\t\t\t\t\t\n\t\t\t\n\n\t\t<\/div>\n\n\t\t\n\n\t\t<div class=\"section-content relative\">\n\t\t\t\n\n<div class=\"is-divider divider clearfix\" style=\"max-width:0px;height:40px;\"><\/div>\n\n<div class=\"row row-collapse row-full-width align-middle align-center\"  id=\"row-1955942520\">\n\n\n\t<div id=\"col-216159950\" class=\"col medium-6 large-6\"  >\n\t\t\t\t<div class=\"col-inner\"  >\n\t\t\t\n\t\t\t\n\n\t<div class=\"img has-hover x md-x lg-x y md-y lg-y\" id=\"image_1535195574\">\n\t\t\t\t\t\t\t\t<div class=\"img-inner dark\" >\n\t\t\t<img loading=\"lazy\" decoding=\"async\" width=\"1382\" height=\"921\" src=\"https:\/\/www.cromtest.com\/wp-content\/uploads\/2025\/12\/imgi_21_urine-test.png\" class=\"attachment-2048x2048 size-2048x2048\" alt=\"\" srcset=\"https:\/\/www.cromtest.com\/wp-content\/uploads\/2025\/12\/imgi_21_urine-test.png 1382w, https:\/\/www.cromtest.com\/wp-content\/uploads\/2025\/12\/imgi_21_urine-test-300x200.png 300w, https:\/\/www.cromtest.com\/wp-content\/uploads\/2025\/12\/imgi_21_urine-test-1024x682.png 1024w, https:\/\/www.cromtest.com\/wp-content\/uploads\/2025\/12\/imgi_21_urine-test-768x512.png 768w, https:\/\/www.cromtest.com\/wp-content\/uploads\/2025\/12\/imgi_21_urine-test-1320x880.png 1320w, https:\/\/www.cromtest.com\/wp-content\/uploads\/2025\/12\/imgi_21_urine-test-600x400.png 600w\" sizes=\"auto, (max-width: 1382px) 100vw, 1382px\" \/>\t\t\t\t\t\t\n\t\t\t\t\t<\/div>\n\t\t\t\t\t\t\t\t\n<style>\n#image_1535195574 {\n  width: 100%;\n}\n<\/style>\n\t<\/div>\n\t\n\n\n\t\t<\/div>\n\t\t\t\t\t<\/div>\n\n\t\n\n\t<div id=\"col-961916874\" class=\"col medium-6 large-6\"  >\n\t\t\t\t<div class=\"col-inner\"  >\n\t\t\t\n\t\t\t\n\n\t<div id=\"text-344025471\" class=\"text\">\n\t\t\n\n<h1>\u0130drar Testi Nas\u0131l Kullan\u0131l\u0131r?<\/h1>\n\t\t\n<style>\n#text-344025471 {\n  font-size: 1.5rem;\n}\n<\/style>\n\t<\/div>\n\t\n\t<div id=\"text-392392130\" class=\"text\">\n\t\t\n\n<p>1. \u0130drar \u00f6rne\u011fini temiz bir kaba al\u0131n.<\/p>\n<p>2. Ambalaj\u0131, \u00fczerindeki \u00e7entikten a\u00e7\u0131n. Kaseti ambalaj\u0131ndan \u00e7\u0131kar\u0131n ve testin kapa\u011f\u0131n\u0131 \u00e7\u0131kar\u0131n.<\/p>\n<p>3. Test kasetini \u00e7izgiyi ge\u00e7meyecek \u015fekilde idrar \u00f6rne\u011fine 30 saniye boyunca dald\u0131r\u0131n. Not: Testin tamam\u0131n\u0131 idrar \u00f6rne\u011fine dald\u0131rmay\u0131n.<\/p>\n<p>4. Testi idrar \u00f6rne\u011finden \u00e7\u0131kar\u0131n, kapa\u011f\u0131 tekrar tak\u0131n ve d\u00fcz bir zemine yerle\u015ftirin.<\/p>\n<p>5. En do\u011fru sonu\u00e7lar i\u00e7in testi, kullan\u0131mdan 5 dakika sonucu yorumlay\u0131n.<\/p>\n\t\t\n<style>\n#text-392392130 {\n  font-size: 1.1rem;\n  line-height: 1.6;\n}\n<\/style>\n\t<\/div>\n\t\n\n\t\t<\/div>\n\t\t\t\t\t<\/div>\n\n\t\n\n\n<style>\n#row-1955942520 > .col > .col-inner {\n  padding: 1% 10% 1% 10%;\n}\n<\/style>\n<\/div>\n<div class=\"is-divider divider clearfix\" style=\"max-width:0px;height:40px;\"><\/div>\n\n\n\t\t<\/div>\n\n\t\t\n<style>\n#section_796159717 {\n  padding-top: 0px;\n  padding-bottom: 0px;\n}\n<\/style>\n\t<\/section>\n\t\n\n\t<section class=\"section\" id=\"section_1340254601\">\n\t\t<div class=\"section-bg fill\" >\n\t\t\t\t\t\t\t\t\t\n\t\t\t\n\n\t\t<\/div>\n\n\t\t\n\n\t\t<div class=\"section-content relative\">\n\t\t\t\n\n<div class=\"is-divider divider clearfix\" style=\"max-width:0px;height:40px;\"><\/div>\n\n<div class=\"row row-collapse row-full-width align-middle align-center\"  id=\"row-1538823143\">\n\n\n\t<div id=\"col-674181064\" class=\"col medium-6 large-6\"  >\n\t\t\t\t<div class=\"col-inner\"  >\n\t\t\t\n\t\t\t\n\n\t<div id=\"text-1220487487\" class=\"text\">\n\t\t\n\n<h1>A\u011f\u0131z S\u0131v\u0131s\u0131 Testi Nas\u0131l Kullan\u0131l\u0131r?<\/h1>\n\t\t\n<style>\n#text-1220487487 {\n  font-size: 1.5rem;\n}\n<\/style>\n\t<\/div>\n\t\n\t<div id=\"text-4130236872\" class=\"text\">\n\t\t\n\n<p>1. Testten \u00f6nce a\u011f\u0131z i\u00e7inde yiyecek, i\u00e7ecek, sak\u0131z veya sigara kal\u0131nt\u0131s\u0131 olmad\u0131\u011f\u0131ndan emin olun. Gerekirse testten en az 10 dakika \u00f6nce hi\u00e7bir \u015fey t\u00fcketmeyin.<\/p>\n<p>2. Ambalaj\u0131, \u00fczerindeki \u00e7entikten a\u00e7\u0131n. Kaseti ambalaj\u0131ndan \u00e7\u0131kar\u0131n ve testin kapa\u011f\u0131n\u0131 \u00e7\u0131kar\u0131n.<\/p>\n<p>3. Tampon ucunu a\u011fz\u0131n\u0131za yerle\u015ftirin ve t\u00fck\u00fcr\u00fckle tamamen \u0131slanacak \u015fekilde, kullan\u0131m talimatlar\u0131nda belirtilen s\u00fcre boyunca (genellikle 2\u20135 dakika) a\u011f\u0131z i\u00e7inde tutun.<\/p>\n<p>4. Test yeterli miktarda t\u00fck\u00fcr\u00fck toplad\u0131ktan sonra a\u011fz\u0131n\u0131zdan \u00e7\u0131kar\u0131n.<\/p>\n\t\t\n<style>\n#text-4130236872 {\n  font-size: 1.1rem;\n  line-height: 1.6;\n}\n<\/style>\n\t<\/div>\n\t\n\n\t\t<\/div>\n\t\t\t\t\t<\/div>\n\n\t\n\n\t<div id=\"col-632604563\" class=\"col medium-6 large-6\"  >\n\t\t\t\t<div class=\"col-inner text-center\"  >\n\t\t\t\n\t\t\t\n\n\t<div class=\"img has-hover x md-x lg-x y md-y lg-y\" id=\"image_728693055\">\n\t\t\t\t\t\t\t\t<div class=\"img-inner dark\" >\n\t\t\t<img loading=\"lazy\" decoding=\"async\" width=\"720\" height=\"480\" src=\"https:\/\/www.cromtest.com\/wp-content\/uploads\/2025\/12\/imgi_11_Untitled_design_47_1bb7613d-222d-4507-bf46-7c725a8bb510_720x.png\" class=\"attachment-2048x2048 size-2048x2048\" alt=\"\" srcset=\"https:\/\/www.cromtest.com\/wp-content\/uploads\/2025\/12\/imgi_11_Untitled_design_47_1bb7613d-222d-4507-bf46-7c725a8bb510_720x.png 720w, https:\/\/www.cromtest.com\/wp-content\/uploads\/2025\/12\/imgi_11_Untitled_design_47_1bb7613d-222d-4507-bf46-7c725a8bb510_720x-300x200.png 300w, https:\/\/www.cromtest.com\/wp-content\/uploads\/2025\/12\/imgi_11_Untitled_design_47_1bb7613d-222d-4507-bf46-7c725a8bb510_720x-600x400.png 600w\" sizes=\"auto, (max-width: 720px) 100vw, 720px\" \/>\t\t\t\t\t\t\n\t\t\t\t\t<\/div>\n\t\t\t\t\t\t\t\t\n<style>\n#image_728693055 {\n  width: 100%;\n}\n<\/style>\n\t<\/div>\n\t\n\n\n\t\t<\/div>\n\t\t\t\t\t<\/div>\n\n\t\n\n\n<style>\n#row-1538823143 > .col > .col-inner {\n  padding: 1% 10% 1% 10%;\n}\n<\/style>\n<\/div>\n<div class=\"is-divider divider clearfix\" style=\"max-width:0px;height:40px;\"><\/div>\n\n\n\t\t<\/div>\n\n\t\t\n<style>\n#section_1340254601 {\n  padding-top: 30px;\n  padding-bottom: 30px;\n  background-color: #f2f2f2;\n}\n<\/style>\n\t<\/section>\n\t\n\n\t<section class=\"section\" id=\"section_662632049\">\n\t\t<div class=\"section-bg fill\" >\n\t\t\t\t\t\t\t\t\t\n\t\t\t\n\n\t\t<\/div>\n\n\t\t\n\n\t\t<div class=\"section-content relative\">\n\t\t\t\n\n<div class=\"is-divider divider clearfix\" style=\"max-width:0px;height:40px;\"><\/div>\n\n<div class=\"row row-collapse row-full-width align-middle align-center\"  id=\"row-678698648\">\n\n\n\t<div id=\"col-917748925\" class=\"col medium-6 large-6\"  >\n\t\t\t\t<div class=\"col-inner text-center\"  >\n\t\t\t\n\t\t\t\n\n\t<div class=\"img has-hover x md-x lg-x y md-y lg-y\" id=\"image_1825028856\">\n\t\t\t\t\t\t\t\t<div class=\"img-inner dark\" >\n\t\t\t<img loading=\"lazy\" decoding=\"async\" width=\"2048\" height=\"2048\" src=\"https:\/\/www.cromtest.com\/wp-content\/uploads\/2025\/12\/Sonuclarin-Yorumlanmasi-2-2048x2048.png\" class=\"attachment-2048x2048 size-2048x2048\" alt=\"\" srcset=\"https:\/\/www.cromtest.com\/wp-content\/uploads\/2025\/12\/Sonuclarin-Yorumlanmasi-2-2048x2048.png 2048w, https:\/\/www.cromtest.com\/wp-content\/uploads\/2025\/12\/Sonuclarin-Yorumlanmasi-2-300x300.png 300w, https:\/\/www.cromtest.com\/wp-content\/uploads\/2025\/12\/Sonuclarin-Yorumlanmasi-2-1024x1024.png 1024w, https:\/\/www.cromtest.com\/wp-content\/uploads\/2025\/12\/Sonuclarin-Yorumlanmasi-2-150x150.png 150w, https:\/\/www.cromtest.com\/wp-content\/uploads\/2025\/12\/Sonuclarin-Yorumlanmasi-2-768x768.png 768w, https:\/\/www.cromtest.com\/wp-content\/uploads\/2025\/12\/Sonuclarin-Yorumlanmasi-2-1536x1536.png 1536w, https:\/\/www.cromtest.com\/wp-content\/uploads\/2025\/12\/Sonuclarin-Yorumlanmasi-2-1320x1320.png 1320w, https:\/\/www.cromtest.com\/wp-content\/uploads\/2025\/12\/Sonuclarin-Yorumlanmasi-2-600x600.png 600w, https:\/\/www.cromtest.com\/wp-content\/uploads\/2025\/12\/Sonuclarin-Yorumlanmasi-2-100x100.png 100w\" sizes=\"auto, (max-width: 2048px) 100vw, 2048px\" \/>\t\t\t\t\t\t\n\t\t\t\t\t<\/div>\n\t\t\t\t\t\t\t\t\n<style>\n#image_1825028856 {\n  width: 100%;\n}\n<\/style>\n\t<\/div>\n\t\n\n\n\t\t<\/div>\n\t\t\t\t\t<\/div>\n\n\t\n\n\t<div id=\"col-191701498\" class=\"col medium-6 large-6\"  >\n\t\t\t\t<div class=\"col-inner\"  >\n\t\t\t\n\t\t\t\n\n\t<div id=\"text-798728361\" class=\"text\">\n\t\t\n\n<h1>Sonu\u00e7lar\u0131n Yorumlanmas\u0131<\/h1>\n\t\t\n<style>\n#text-798728361 {\n  font-size: 1.5rem;\n}\n<\/style>\n\t<\/div>\n\t\n\t<div id=\"text-3674811046\" class=\"text\">\n\t\t\n\n<p><strong>*Negatif<\/strong> (Temiz) &#8211; \u0130ki \u00e7izgi belirir. Bir renkli \u00e7izgi kontrol \u00e7izgisi b\u00f6lgesinde (C), di\u011feri ise test \u00e7izgisi b\u00f6lgesinde (T) olmal\u0131d\u0131r.<\/p>\n<p>Not: T \u00e7izgisi silik dahi olsa, sonu\u00e7 her zaman NEGAT\u0130F olarak yorumlanmal\u0131d\u0131r. Negatif sonu\u00e7; ya test edilen madde(ler)in v\u00fccutta bulunmad\u0131\u011f\u0131n\u0131 ya da numune \u00f6rne\u011findeki seviyenin test edilen\u00a0 e\u015fik-de\u011ferinin (ng\/mL) alt\u0131nda oldu\u011funu g\u00f6sterir.<\/p>\n<p><strong>*Pozitif<\/strong> (\u015e\u00fcpheli) &#8211; Kontrol \u00e7izgisi b\u00f6lgesinde (C) bir renkli \u00e7izgi belirir. Test \u00e7izgisi b\u00f6lgesinde (T) hi\u00e7bir \u00e7izgi g\u00f6r\u00fcnmez.<\/p>\n<p>Not: Pozitif sonu\u00e7; test edilen madde(ler)in v\u00fccutta e\u015fik-de\u011ferinin (ng\/mL) \u00fczerinde tespit edildi\u011fini g\u00f6sterir.<\/p>\n<p><strong>*Ge\u00e7ersiz <\/strong>&#8211; T (Test) \u00e7izgisi olsun veya olmas\u0131n (C) Kontrol \u00e7izgisi g\u00f6r\u00fcnmezse test ge\u00e7ersizdir.<\/p>\n<p>Not: Kontrol \u00e7izgisinin \u00e7\u0131kmamas\u0131n\u0131n en olas\u0131 nedenleri, yetersiz numune hacmi veya yanl\u0131\u015f test prosed\u00fcr\u00fcd\u00fcr. Test prosed\u00fcr\u00fcn\u00fc g\u00f6zden ge\u00e7irin ve yeni bir test kiti kullanarak testi tekrarlay\u0131n.<\/p>\n\t\t\n<style>\n#text-3674811046 {\n  font-size: 1.1rem;\n  line-height: 1.6;\n}\n<\/style>\n\t<\/div>\n\t\n\n\t\t<\/div>\n\t\t\t\t\t<\/div>\n\n\t\n\n\n<style>\n#row-678698648 > .col > .col-inner {\n  padding: 1% 10% 1% 10%;\n}\n<\/style>\n<\/div>\n<div class=\"is-divider divider clearfix\" style=\"max-width:0px;height:40px;\"><\/div>\n\n\n\t\t<\/div>\n\n\t\t\n<style>\n#section_662632049 {\n  padding-top: 0px;\n  padding-bottom: 0px;\n}\n<\/style>\n\t<\/section>\n\t\n\n","protected":false},"excerpt":{"rendered":"","protected":false},"author":1,"featured_media":0,"parent":0,"menu_order":0,"comment_status":"closed","ping_status":"closed","template":"","meta":{"footnotes":""},"class_list":["post-472","page","type-page","status-publish","hentry"],"jetpack_sharing_enabled":true,"_links":{"self":[{"href":"https:\/\/www.cromtest.com\/ana-sayfa\/wp-json\/wp\/v2\/pages\/472","targetHints":{"allow":["GET"]}}],"collection":[{"href":"https:\/\/www.cromtest.com\/ana-sayfa\/wp-json\/wp\/v2\/pages"}],"about":[{"href":"https:\/\/www.cromtest.com\/ana-sayfa\/wp-json\/wp\/v2\/types\/page"}],"author":[{"embeddable":true,"href":"https:\/\/www.cromtest.com\/ana-sayfa\/wp-json\/wp\/v2\/users\/1"}],"replies":[{"embeddable":true,"href":"https:\/\/www.cromtest.com\/ana-sayfa\/wp-json\/wp\/v2\/comments?post=472"}],"version-history":[{"count":26,"href":"https:\/\/www.cromtest.com\/ana-sayfa\/wp-json\/wp\/v2\/pages\/472\/revisions"}],"predecessor-version":[{"id":879,"href":"https:\/\/www.cromtest.com\/ana-sayfa\/wp-json\/wp\/v2\/pages\/472\/revisions\/879"}],"wp:attachment":[{"href":"https:\/\/www.cromtest.com\/ana-sayfa\/wp-json\/wp\/v2\/media?parent=472"}],"curies":[{"name":"wp","href":"https:\/\/api.w.org\/{rel}","templated":true}]}}