{"id":718,"date":"2025-12-18T13:54:59","date_gmt":"2025-12-18T13:54:59","guid":{"rendered":"https:\/\/www.cromtest.com\/ana-sayfa\/?page_id=718"},"modified":"2025-12-22T09:22:31","modified_gmt":"2025-12-22T09:22:31","slug":"esnek-panel-kategorisi","status":"publish","type":"page","link":"https:\/\/www.cromtest.com\/ana-sayfa\/esnek-panel-kategorisi\/","title":{"rendered":"Esnek Panel Kategorisi"},"content":{"rendered":"\n\n\t<section class=\"section has-scroll-for-more\" id=\"section_1041319990\">\n\t\t<div class=\"section-bg fill\" >\n\t\t\t\t\t\t\t\t\t<button class=\"scroll-for-more z-5 icon absolute bottom h-center\" aria-label=\"Daha fazlas\u0131 i\u00e7in a\u015fa\u011f\u0131 kayd\u0131r\u0131n\"><i class=\"icon-angle-down\" aria-hidden=\"true\" style=\"font-size:42px;\"><\/i><\/button>\n\t\t\t\n\n\t\t<\/div>\n\n\t\t\n\n\t\t<div class=\"section-content relative\">\n\t\t\t\n\n<div class=\"row row-collapse row-full-width align-middle\"  id=\"row-620794994\">\n\n\n\t<div id=\"col-194289247\" class=\"col large-12\"  >\n\t\t\t\t<div class=\"col-inner text-center\"  >\n\t\t\t\n\t\t\t\n\n\t<div id=\"text-3260737453\" class=\"text\">\n\t\t\n\n<h1><strong>Esnek Panelinizi Tasarlay\u0131n<\/strong><\/h1>\n\t\t\n<style>\n#text-3260737453 {\n  font-size: 1.5rem;\n}\n<\/style>\n\t<\/div>\n\t\n\t<div id=\"text-1336859756\" class=\"text\">\n\t\t\n\n<p>Test kitlerimiz, kullan\u0131m alan\u0131n\u0131za ve hedeflenen maddelere g\u00f6re \u00f6zelle\u015ftirilebilir. Tekli veya \u00e7oklu parametre se\u00e7enekleriyle, ihtiyac\u0131n\u0131za en uygun \u00e7\u00f6z\u00fcm\u00fc birlikte tasarl\u0131yoruz.<\/p>\n\t\t\n<style>\n#text-1336859756 {\n  font-size: 1.1rem;\n  line-height: 1.6;\n}\n<\/style>\n\t<\/div>\n\t\n\n\t\t<\/div>\n\t\t\t\t\n<style>\n#col-194289247 > .col-inner {\n  padding: 3% 10% 3% 10%;\n}\n<\/style>\n\t<\/div>\n\n\t\n\n<\/div>\n<div class=\"row row-small row-dashed\"  id=\"row-253236873\">\n\n\n\t<div id=\"col-127901874\" class=\"col medium-4 small-12 large-4\"  >\n\t\t\t\t<div class=\"col-inner text-center\"  >\n\t\t\t\n\t\t\t\n\n\t<div class=\"img has-hover x md-x lg-x y md-y lg-y\" id=\"image_1221671792\">\n\t\t\t\t\t\t\t\t<div class=\"img-inner dark\" >\n\t\t\t<img loading=\"lazy\" decoding=\"async\" width=\"640\" height=\"640\" src=\"https:\/\/www.cromtest.com\/wp-content\/uploads\/2025\/12\/imgi_15_6172541.gif\" class=\"attachment-2048x2048 size-2048x2048\" alt=\"\" \/>\t\t\t\t\t\t\n\t\t\t\t\t<\/div>\n\t\t\t\t\t\t\t\t\n<style>\n#image_1221671792 {\n  width: 15%;\n}\n<\/style>\n\t<\/div>\n\t\n\n\t<div id=\"text-3785366572\" class=\"text\">\n\t\t\n\n<p><strong>Parametre Se\u00e7imi +<\/strong><\/p>\n\t\t\n<style>\n#text-3785366572 {\n  font-size: 1rem;\n  line-height: 0.75;\n  text-align: center;\n}\n<\/style>\n\t<\/div>\n\t\n\t<div id=\"text-2468230997\" class=\"text\">\n\t\t\n\n<p data-start=\"262\" data-end=\"376\">\u0130htiyac\u0131n\u0131za g\u00f6re tekli veya \u00e7oklu madde tespiti i\u00e7eren test kitleri tasarlama imkan\u0131.<\/p>\n<p data-start=\"378\" data-end=\"477\">\u00a0<\/p>\n\t\t\n<style>\n#text-2468230997 {\n  font-size: 0.8rem;\n  text-align: center;\n}\n<\/style>\n\t<\/div>\n\t\n\n\t\t<\/div>\n\t\t\t\t\t<\/div>\n\n\t\n\n\t<div id=\"col-1499912272\" class=\"col medium-4 small-12 large-4\"  >\n\t\t\t\t<div class=\"col-inner text-center\"  >\n\t\t\t\n\t\t\t\n\n\t<div class=\"img has-hover x md-x lg-x y md-y lg-y\" id=\"image_260272250\">\n\t\t\t\t\t\t\t\t<div class=\"img-inner dark\" >\n\t\t\t<img loading=\"lazy\" decoding=\"async\" width=\"640\" height=\"640\" src=\"https:\/\/www.cromtest.com\/wp-content\/uploads\/2025\/12\/imgi_168_6172531.gif\" class=\"attachment-2048x2048 size-2048x2048\" alt=\"\" \/>\t\t\t\t\t\t\n\t\t\t\t\t<\/div>\n\t\t\t\t\t\t\t\t\n<style>\n#image_260272250 {\n  width: 15%;\n}\n<\/style>\n\t<\/div>\n\t\n\n\t<div id=\"text-559497586\" class=\"text\">\n\t\t\n\n<p><strong>Sipari\u015f Adedi +<\/strong><\/p>\n\t\t\n<style>\n#text-559497586 {\n  font-size: 0.9rem;\n  line-height: 0.75;\n  text-align: center;\n}\n<\/style>\n\t<\/div>\n\t\n\t<div id=\"text-4135061\" class=\"text\">\n\t\t\n\n<p data-start=\"262\" data-end=\"376\">D\u00fc\u015f\u00fck adetli \u00f6zel taleplerden y\u00fcksek hacimli toptan sipari\u015flere kadar esnek \u00fcretim imkan\u0131.<\/p>\n<p data-start=\"378\" data-end=\"477\">\n\t\t\n<style>\n#text-4135061 {\n  font-size: 0.8rem;\n  line-height: 1.3;\n  text-align: center;\n}\n<\/style>\n\t<\/div>\n\t\n\n\t\t<\/div>\n\t\t\t\t\t<\/div>\n\n\t\n\n\t<div id=\"col-1571811509\" class=\"col medium-4 small-12 large-4\"  >\n\t\t\t\t<div class=\"col-inner text-center\"  >\n\t\t\t\n\t\t\t\n\n\t<div class=\"img has-hover x md-x lg-x y md-y lg-y\" id=\"image_836829052\">\n\t\t\t\t\t\t\t\t<div class=\"img-inner dark\" >\n\t\t\t<img loading=\"lazy\" decoding=\"async\" width=\"640\" height=\"640\" src=\"https:\/\/www.cromtest.com\/wp-content\/uploads\/2025\/12\/imgi_151_6454106.gif\" class=\"attachment-2048x2048 size-2048x2048\" alt=\"\" \/>\t\t\t\t\t\t\n\t\t\t\t\t<\/div>\n\t\t\t\t\t\t\t\t\n<style>\n#image_836829052 {\n  width: 15%;\n}\n<\/style>\n\t<\/div>\n\t\n\n\t<div id=\"text-872184750\" class=\"text\">\n\t\t\n\n<p><strong>\u00d6zel Projeler +<\/strong><\/p>\n\t\t\n<style>\n#text-872184750 {\n  font-size: 0.9rem;\n  line-height: 0.75;\n  text-align: center;\n}\n<\/style>\n\t<\/div>\n\t\n\t<div id=\"text-1096789563\" class=\"text\">\n\t\t\n\n<p data-start=\"262\" data-end=\"376\">Kurumsal projeler ve markaya \u00f6zel \u00e7\u00f6z\u00fcmler i\u00e7in destek.<\/p>\n<p data-start=\"378\" data-end=\"477\">\u00a0<\/p>\n\t\t\n<style>\n#text-1096789563 {\n  font-size: 0.8rem;\n  line-height: 1.3;\n  text-align: center;\n}\n<\/style>\n\t<\/div>\n\t\n\n\t\t<\/div>\n\t\t\t\t\t<\/div>\n\n\t\n\n\t<div id=\"col-719344638\" class=\"col medium-4 small-12 large-4\"  >\n\t\t\t\t<div class=\"col-inner text-center\"  >\n\t\t\t\n\t\t\t\n\n\t<div class=\"img has-hover x md-x lg-x y md-y lg-y\" id=\"image_1466119889\">\n\t\t\t\t\t\t\t\t<div class=\"img-inner dark\" >\n\t\t\t<img loading=\"lazy\" decoding=\"async\" width=\"640\" height=\"640\" src=\"https:\/\/www.cromtest.com\/wp-content\/uploads\/2025\/12\/imgi_118_7211809.gif\" class=\"attachment-2048x2048 size-2048x2048\" alt=\"\" \/>\t\t\t\t\t\t\n\t\t\t\t\t<\/div>\n\t\t\t\t\t\t\t\t\n<style>\n#image_1466119889 {\n  width: 15%;\n}\n<\/style>\n\t<\/div>\n\t\n\n\t<div id=\"text-2995669860\" class=\"text\">\n\t\t\n\n<p><strong>Kolay Kullan\u0131m +<\/strong><\/p>\n\t\t\n<style>\n#text-2995669860 {\n  font-size: 1rem;\n  line-height: 0.75;\n  text-align: center;\n}\n<\/style>\n\t<\/div>\n\t\n\t<div id=\"text-2948039034\" class=\"text\">\n\t\t\n\n<p>Kullan\u0131m\u0131 son derece kolay olan testlerimiz, paket i\u00e7erisinde, ad\u0131m ad\u0131m haz\u0131rlanm\u0131\u015f a\u00e7\u0131k ve anla\u015f\u0131l\u0131r kullan\u0131m talimatlar\u0131 ile teslim edilir.<\/p>\n\t\t\n<style>\n#text-2948039034 {\n  font-size: 0.8rem;\n  line-height: 1.3;\n  text-align: center;\n}\n<\/style>\n\t<\/div>\n\t\n\n\t\t<\/div>\n\t\t\t\t\t<\/div>\n\n\t\n\n\t<div id=\"col-2104530374\" class=\"col medium-4 small-12 large-4\"  >\n\t\t\t\t<div class=\"col-inner text-center\"  >\n\t\t\t\n\t\t\t\n\n\t<div class=\"img has-hover x md-x lg-x y md-y lg-y\" id=\"image_1435856085\">\n\t\t\t\t\t\t\t\t<div class=\"img-inner dark\" >\n\t\t\t<img loading=\"lazy\" decoding=\"async\" width=\"640\" height=\"640\" src=\"https:\/\/www.cromtest.com\/wp-content\/uploads\/2025\/12\/imgi_131_6172517.gif\" class=\"attachment-2048x2048 size-2048x2048\" alt=\"\" \/>\t\t\t\t\t\t\n\t\t\t\t\t<\/div>\n\t\t\t\t\t\t\t\t\n<style>\n#image_1435856085 {\n  width: 15%;\n}\n<\/style>\n\t<\/div>\n\t\n\n\t<div id=\"text-3084135560\" class=\"text\">\n\t\t\n\n<p><strong>H\u0131zl\u0131 Destek +<\/strong><\/p>\n\t\t\n<style>\n#text-3084135560 {\n  font-size: 1rem;\n  line-height: 0.75;\n  text-align: center;\n}\n<\/style>\n\t<\/div>\n\t\n\t<div id=\"text-2947512120\" class=\"text\">\n\t\t\n\n<p data-start=\"713\" data-end=\"907\">CROM TEST destek ekibimiz, test s\u00fcreciniz boyunca kendinizi g\u00fcvende hissetmenizi ama\u00e7layan bir hizmet anlay\u0131\u015f\u0131d\u0131r.<\/p>\n\t\t\n<style>\n#text-2947512120 {\n  font-size: 0.8rem;\n  line-height: 1.3;\n  text-align: center;\n}\n<\/style>\n\t<\/div>\n\t\n\n\t\t<\/div>\n\t\t\t\t\t<\/div>\n\n\t\n\n\t<div id=\"col-773715431\" class=\"col medium-4 small-12 large-4\"  >\n\t\t\t\t<div class=\"col-inner text-center\"  >\n\t\t\t\n\t\t\t\n\n\t<div class=\"img has-hover x md-x lg-x y md-y lg-y\" id=\"image_1029933779\">\n\t\t\t\t\t\t\t\t<div class=\"img-inner dark\" >\n\t\t\t<img loading=\"lazy\" decoding=\"async\" width=\"640\" height=\"640\" src=\"https:\/\/www.cromtest.com\/wp-content\/uploads\/2025\/12\/imgi_57_6172533.gif\" class=\"attachment-2048x2048 size-2048x2048\" alt=\"\" \/>\t\t\t\t\t\t\n\t\t\t\t\t<\/div>\n\t\t\t\t\t\t\t\t\n<style>\n#image_1029933779 {\n  width: 15%;\n}\n<\/style>\n\t<\/div>\n\t\n\n\t<div id=\"text-2296363175\" class=\"text\">\n\t\t\n\n<p><strong>Ayr\u0131cal\u0131k  +<\/strong><\/p>\n\t\t\n<style>\n#text-2296363175 {\n  font-size: 0.9rem;\n  line-height: 0.75;\n  text-align: center;\n}\n<\/style>\n\t<\/div>\n\t\n\t<div id=\"text-1983287537\" class=\"text\">\n\t\t\n\n<p data-start=\"938\" data-end=\"1073\">D\u00fc\u015f\u00fck seviye se\u00e7enekleri sayesinde, m\u00fc\u015fterilerimize sekt\u00f6rdeki en y\u00fcksek do\u011fruluk oranlar\u0131ndan birini sunuyoruz.<\/p>\n\t\t\n<style>\n#text-1983287537 {\n  font-size: 0.8rem;\n  line-height: 1.3;\n  text-align: center;\n}\n<\/style>\n\t<\/div>\n\t\n\n\t\t<\/div>\n\t\t\t\t\t<\/div>\n\n\t\n\n<\/div>\n\n\t\t<\/div>\n\n\t\t\n<style>\n#section_1041319990 {\n  padding-top: 30px;\n  padding-bottom: 30px;\n}\n<\/style>\n\t<\/section>\n\t\n\n\t<section class=\"section\" id=\"section_1173486939\">\n\t\t<div class=\"section-bg fill\" >\n\t\t\t\t\t\t\t\t\t\n\t\t\t\n\n\t\t<\/div>\n\n\t\t\n\n\t\t<div class=\"section-content relative\">\n\t\t\t\n\n<div class=\"is-divider divider clearfix\" style=\"max-width:0px;height:40px;\"><\/div>\n\n<div class=\"row align-equal align-center\"  id=\"row-1165434496\">\n\n\n\t<div id=\"col-2122075434\" class=\"col medium-4 small-12 large-4\"  >\n\t\t\t\t<div class=\"col-inner text-center\" style=\"background-color:rgb(255,255,255);\" >\n\t\t\t\n\t\t\t\n\n<div class=\"is-divider divider clearfix\" style=\"background-color:rgb(150, 193, 214);\"><\/div>\n\n\t<div class=\"img has-hover x md-x lg-x y md-y lg-y\" id=\"image_1738868897\">\n\t\t<a class=\"\" href=\"\/esnek-panel-agiz-sivisi\" >\t\t\t\t\t\t<div class=\"img-inner dark\" >\n\t\t\t<img loading=\"lazy\" decoding=\"async\" width=\"1866\" height=\"1866\" src=\"https:\/\/www.cromtest.com\/wp-content\/uploads\/2025\/12\/testtyp-speichel-1.png\" class=\"attachment-2048x2048 size-2048x2048\" alt=\"\" srcset=\"https:\/\/www.cromtest.com\/wp-content\/uploads\/2025\/12\/testtyp-speichel-1.png 1866w, https:\/\/www.cromtest.com\/wp-content\/uploads\/2025\/12\/testtyp-speichel-1-300x300.png 300w, https:\/\/www.cromtest.com\/wp-content\/uploads\/2025\/12\/testtyp-speichel-1-1024x1024.png 1024w, https:\/\/www.cromtest.com\/wp-content\/uploads\/2025\/12\/testtyp-speichel-1-150x150.png 150w, https:\/\/www.cromtest.com\/wp-content\/uploads\/2025\/12\/testtyp-speichel-1-768x768.png 768w, https:\/\/www.cromtest.com\/wp-content\/uploads\/2025\/12\/testtyp-speichel-1-1536x1536.png 1536w, https:\/\/www.cromtest.com\/wp-content\/uploads\/2025\/12\/testtyp-speichel-1-1320x1320.png 1320w, https:\/\/www.cromtest.com\/wp-content\/uploads\/2025\/12\/testtyp-speichel-1-600x600.png 600w, https:\/\/www.cromtest.com\/wp-content\/uploads\/2025\/12\/testtyp-speichel-1-100x100.png 100w\" sizes=\"auto, (max-width: 1866px) 100vw, 1866px\" \/>\t\t\t\t\t\t\n\t\t\t\t\t<\/div>\n\t\t\t\t\t\t<\/a>\t\t\n<style>\n#image_1738868897 {\n  width: 50%;\n}\n<\/style>\n\t<\/div>\n\t\n\n<a href=\"\/esnek-panel-agiz-sivisi\" class=\"button primary is-link is-larger box-shadow-1-hover lowercase reveal-icon expand\" >\n\t\t<span>A\u011f\u0131z S\u0131v\u0131s\u0131 Testi Tasarla<\/span>\n\t<i class=\"icon-pen-alt-fill\" aria-hidden=\"true\"><\/i><\/a>\n\n\n\n\t\t<\/div>\n\t\t\t\t\t<\/div>\n\n\t\n\n\t<div id=\"col-1316107590\" class=\"col medium-4 small-12 large-4\"  >\n\t\t\t\t<div class=\"col-inner text-center\" style=\"background-color:rgb(255, 255, 255);\" >\n\t\t\t\n\t\t\t\n\n<div class=\"is-divider divider clearfix\" style=\"background-color:rgb(150, 193, 214);\"><\/div>\n\n\t<div class=\"img has-hover x md-x lg-x y md-y lg-y\" id=\"image_544431379\">\n\t\t<a class=\"\" href=\"\/esnek-panel-idrar\" >\t\t\t\t\t\t<div class=\"img-inner dark\" >\n\t\t\t<img loading=\"lazy\" decoding=\"async\" width=\"1866\" height=\"1866\" src=\"https:\/\/www.cromtest.com\/wp-content\/uploads\/2025\/12\/testtyp-urin.png\" class=\"attachment-2048x2048 size-2048x2048\" alt=\"\" srcset=\"https:\/\/www.cromtest.com\/wp-content\/uploads\/2025\/12\/testtyp-urin.png 1866w, https:\/\/www.cromtest.com\/wp-content\/uploads\/2025\/12\/testtyp-urin-300x300.png 300w, https:\/\/www.cromtest.com\/wp-content\/uploads\/2025\/12\/testtyp-urin-1024x1024.png 1024w, https:\/\/www.cromtest.com\/wp-content\/uploads\/2025\/12\/testtyp-urin-150x150.png 150w, https:\/\/www.cromtest.com\/wp-content\/uploads\/2025\/12\/testtyp-urin-768x768.png 768w, https:\/\/www.cromtest.com\/wp-content\/uploads\/2025\/12\/testtyp-urin-1536x1536.png 1536w, https:\/\/www.cromtest.com\/wp-content\/uploads\/2025\/12\/testtyp-urin-1320x1320.png 1320w, https:\/\/www.cromtest.com\/wp-content\/uploads\/2025\/12\/testtyp-urin-600x600.png 600w, https:\/\/www.cromtest.com\/wp-content\/uploads\/2025\/12\/testtyp-urin-100x100.png 100w\" sizes=\"auto, (max-width: 1866px) 100vw, 1866px\" \/>\t\t\t\t\t\t\n\t\t\t\t\t<\/div>\n\t\t\t\t\t\t<\/a>\t\t\n<style>\n#image_544431379 {\n  width: 50%;\n}\n<\/style>\n\t<\/div>\n\t\n\n<a href=\"\/esnek-panel-idrar\" class=\"button primary is-link is-larger box-shadow-1-hover lowercase reveal-icon expand\" >\n\t\t<span>\u0130drar Testi Tasarla<\/span>\n\t<i class=\"icon-pen-alt-fill\" aria-hidden=\"true\"><\/i><\/a>\n\n\n\n\t\t<\/div>\n\t\t\t\t\t<\/div>\n\n\t\n\n\t<div id=\"col-887032517\" class=\"col medium-4 small-12 large-4\"  >\n\t\t\t\t<div class=\"col-inner text-center\" style=\"background-color:rgb(255, 255, 255);\" >\n\t\t\t\n\t\t\t\n\n<div class=\"is-divider divider clearfix\" style=\"background-color:rgb(150, 193, 214);\"><\/div>\n\n\t<div class=\"img has-hover x md-x lg-x y md-y lg-y\" id=\"image_437856586\">\n\t\t<a class=\"\" href=\"\/esnek-panel-kati-madde\" >\t\t\t\t\t\t<div class=\"img-inner dark\" >\n\t\t\t<img loading=\"lazy\" decoding=\"async\" width=\"1866\" height=\"1866\" src=\"https:\/\/www.cromtest.com\/wp-content\/uploads\/2025\/12\/testtyp-oberflaeche-kopya.png\" class=\"attachment-2048x2048 size-2048x2048\" alt=\"\" srcset=\"https:\/\/www.cromtest.com\/wp-content\/uploads\/2025\/12\/testtyp-oberflaeche-kopya.png 1866w, https:\/\/www.cromtest.com\/wp-content\/uploads\/2025\/12\/testtyp-oberflaeche-kopya-300x300.png 300w, https:\/\/www.cromtest.com\/wp-content\/uploads\/2025\/12\/testtyp-oberflaeche-kopya-1024x1024.png 1024w, https:\/\/www.cromtest.com\/wp-content\/uploads\/2025\/12\/testtyp-oberflaeche-kopya-150x150.png 150w, https:\/\/www.cromtest.com\/wp-content\/uploads\/2025\/12\/testtyp-oberflaeche-kopya-768x768.png 768w, https:\/\/www.cromtest.com\/wp-content\/uploads\/2025\/12\/testtyp-oberflaeche-kopya-1536x1536.png 1536w, https:\/\/www.cromtest.com\/wp-content\/uploads\/2025\/12\/testtyp-oberflaeche-kopya-1320x1320.png 1320w, https:\/\/www.cromtest.com\/wp-content\/uploads\/2025\/12\/testtyp-oberflaeche-kopya-600x600.png 600w, https:\/\/www.cromtest.com\/wp-content\/uploads\/2025\/12\/testtyp-oberflaeche-kopya-100x100.png 100w\" sizes=\"auto, (max-width: 1866px) 100vw, 1866px\" \/>\t\t\t\t\t\t\n\t\t\t\t\t<\/div>\n\t\t\t\t\t\t<\/a>\t\t\n<style>\n#image_437856586 {\n  width: 50%;\n}\n<\/style>\n\t<\/div>\n\t\n\n<a href=\"\/esnek-panel-kati-madde\" class=\"button primary is-link is-larger box-shadow-1-hover lowercase reveal-icon expand\" >\n\t\t<span>Kat\u0131 Madde  Testi Tasarla<\/span>\n\t<i class=\"icon-pen-alt-fill\" aria-hidden=\"true\"><\/i><\/a>\n\n\n\n\t\t<\/div>\n\t\t\t\t\t<\/div>\n\n\t\n\n\n<style>\n#row-1165434496 > .col > .col-inner {\n  background-color: #8cc0db;\n  border-radius: 31px;\n}\n<\/style>\n<\/div>\n<div class=\"is-divider divider clearfix\" style=\"max-width:0px;height:40px;\"><\/div>\n\n\n\t\t<\/div>\n\n\t\t\n<style>\n#section_1173486939 {\n  padding-top: 0px;\n  padding-bottom: 0px;\n  background-color: #f2f2f2;\n}\n<\/style>\n\t<\/section>\n\t\n\n","protected":false},"excerpt":{"rendered":"","protected":false},"author":1,"featured_media":0,"parent":0,"menu_order":0,"comment_status":"closed","ping_status":"closed","template":"","meta":{"footnotes":""},"class_list":["post-718","page","type-page","status-publish","hentry"],"jetpack_sharing_enabled":true,"_links":{"self":[{"href":"https:\/\/www.cromtest.com\/ana-sayfa\/wp-json\/wp\/v2\/pages\/718","targetHints":{"allow":["GET"]}}],"collection":[{"href":"https:\/\/www.cromtest.com\/ana-sayfa\/wp-json\/wp\/v2\/pages"}],"about":[{"href":"https:\/\/www.cromtest.com\/ana-sayfa\/wp-json\/wp\/v2\/types\/page"}],"author":[{"embeddable":true,"href":"https:\/\/www.cromtest.com\/ana-sayfa\/wp-json\/wp\/v2\/users\/1"}],"replies":[{"embeddable":true,"href":"https:\/\/www.cromtest.com\/ana-sayfa\/wp-json\/wp\/v2\/comments?post=718"}],"version-history":[{"count":97,"href":"https:\/\/www.cromtest.com\/ana-sayfa\/wp-json\/wp\/v2\/pages\/718\/revisions"}],"predecessor-version":[{"id":897,"href":"https:\/\/www.cromtest.com\/ana-sayfa\/wp-json\/wp\/v2\/pages\/718\/revisions\/897"}],"wp:attachment":[{"href":"https:\/\/www.cromtest.com\/ana-sayfa\/wp-json\/wp\/v2\/media?parent=718"}],"curies":[{"name":"wp","href":"https:\/\/api.w.org\/{rel}","templated":true}]}}