{"id":728,"date":"2025-12-19T12:06:06","date_gmt":"2025-12-19T12:06:06","guid":{"rendered":"https:\/\/www.cromtest.com\/ana-sayfa\/?post_type=product&#038;p=728"},"modified":"2026-02-17T08:17:53","modified_gmt":"2026-02-17T08:17:53","slug":"3-lu-sentetik-uyusturucu-test-kiti-idrar","status":"publish","type":"product","link":"https:\/\/www.cromtest.com\/ana-sayfa\/urun\/3-lu-sentetik-uyusturucu-test-kiti-idrar\/","title":{"rendered":"3-l\u00fc Sentetik Uyu\u015fturucu Test Kiti"},"content":{"rendered":"<ul>\n<li>Tek seferde \u00e7oklu madde kontrol\u00fc<\/li>\n<li>Pop\u00fcler tespit seviyeleri<\/li>\n<li>Kullan\u0131m\u0131 kolay, dakikalar i\u00e7inde net sonu\u00e7 &#8211; Ek cihaz gerektirmez, pratik uygulama<\/li>\n<li>Kullan\u0131c\u0131 dostu m\u00fc\u015fteri hizmeti<\/li>\n<li>Evde, i\u015f yerinde veya profesyonel kullan\u0131m i\u00e7in uygundur<\/li>\n<\/ul>\n","protected":false},"excerpt":{"rendered":"<ol>\n<li>AB-PINACA (ABP)<\/li>\n<li>Sentetik Kannabinoid (UR-144)<\/li>\n<li>Sentetik Esrar (K2)<\/li>\n<\/ol>\n","protected":false},"featured_media":966,"comment_status":"open","ping_status":"closed","template":"","meta":[],"product_brand":[],"product_cat":[26],"product_tag":[],"class_list":{"0":"post-728","1":"product","2":"type-product","3":"status-publish","4":"has-post-thumbnail","6":"product_cat-idrar-testi-coklu-testler","8":"first","9":"instock","10":"taxable","11":"shipping-taxable","12":"product-type-simple"},"jetpack_sharing_enabled":true,"_links":{"self":[{"href":"https:\/\/www.cromtest.com\/ana-sayfa\/wp-json\/wp\/v2\/product\/728","targetHints":{"allow":["GET"]}}],"collection":[{"href":"https:\/\/www.cromtest.com\/ana-sayfa\/wp-json\/wp\/v2\/product"}],"about":[{"href":"https:\/\/www.cromtest.com\/ana-sayfa\/wp-json\/wp\/v2\/types\/product"}],"replies":[{"embeddable":true,"href":"https:\/\/www.cromtest.com\/ana-sayfa\/wp-json\/wp\/v2\/comments?post=728"}],"wp:featuredmedia":[{"embeddable":true,"href":"https:\/\/www.cromtest.com\/ana-sayfa\/wp-json\/wp\/v2\/media\/966"}],"wp:attachment":[{"href":"https:\/\/www.cromtest.com\/ana-sayfa\/wp-json\/wp\/v2\/media?parent=728"}],"wp:term":[{"taxonomy":"product_brand","embeddable":true,"href":"https:\/\/www.cromtest.com\/ana-sayfa\/wp-json\/wp\/v2\/product_brand?post=728"},{"taxonomy":"product_cat","embeddable":true,"href":"https:\/\/www.cromtest.com\/ana-sayfa\/wp-json\/wp\/v2\/product_cat?post=728"},{"taxonomy":"product_tag","embeddable":true,"href":"https:\/\/www.cromtest.com\/ana-sayfa\/wp-json\/wp\/v2\/product_tag?post=728"}],"curies":[{"name":"wp","href":"https:\/\/api.w.org\/{rel}","templated":true}]}}