{"id":928,"date":"2025-12-22T12:05:02","date_gmt":"2025-12-22T12:05:02","guid":{"rendered":"https:\/\/www.cromtest.com\/ana-sayfa\/?post_type=product&#038;p=928"},"modified":"2025-12-22T12:06:58","modified_gmt":"2025-12-22T12:06:58","slug":"barbituratlar-bar-test-stribi","status":"publish","type":"product","link":"https:\/\/www.cromtest.com\/ana-sayfa\/urun\/barbituratlar-bar-test-stribi\/","title":{"rendered":"Barbit\u00fcratlar (BAR) Test Stribi"},"content":{"rendered":"<p><span class=\"a-list-item\">&#x2714;&#xfe0f; 5 dakika i\u00e7inde g\u00fcvenilir ve h\u0131zl\u0131 sonu\u00e7<\/span><\/p>\n<p><span class=\"a-list-item\">&#x2714;&#xfe0f; Kolay Kullan\u0131m \u2013 Ek cihaz gerektirmez, pratik uygulama<\/span><\/p>\n<p><span class=\"a-list-item\">&#x2714;&#xfe0f; Evde, i\u015f yerinde veya profesyonel kullan\u0131m i\u00e7in uygundur<\/span><\/p>\n","protected":false},"excerpt":{"rendered":"<ul>\n<li>Barbit\u00fcratlar (BAR)<\/li>\n<\/ul>\n","protected":false},"featured_media":609,"comment_status":"open","ping_status":"closed","template":"","meta":[],"product_brand":[],"product_cat":[32,30],"product_tag":[],"class_list":{"0":"post-928","1":"product","2":"type-product","3":"status-publish","4":"has-post-thumbnail","6":"product_cat-agiz-sivisi-testi-tekli-testler","7":"product_cat-idrar-testi-tekli-testler","9":"first","10":"instock","11":"taxable","12":"shipping-taxable","13":"product-type-simple"},"jetpack_sharing_enabled":true,"_links":{"self":[{"href":"https:\/\/www.cromtest.com\/ana-sayfa\/wp-json\/wp\/v2\/product\/928","targetHints":{"allow":["GET"]}}],"collection":[{"href":"https:\/\/www.cromtest.com\/ana-sayfa\/wp-json\/wp\/v2\/product"}],"about":[{"href":"https:\/\/www.cromtest.com\/ana-sayfa\/wp-json\/wp\/v2\/types\/product"}],"replies":[{"embeddable":true,"href":"https:\/\/www.cromtest.com\/ana-sayfa\/wp-json\/wp\/v2\/comments?post=928"}],"wp:featuredmedia":[{"embeddable":true,"href":"https:\/\/www.cromtest.com\/ana-sayfa\/wp-json\/wp\/v2\/media\/609"}],"wp:attachment":[{"href":"https:\/\/www.cromtest.com\/ana-sayfa\/wp-json\/wp\/v2\/media?parent=928"}],"wp:term":[{"taxonomy":"product_brand","embeddable":true,"href":"https:\/\/www.cromtest.com\/ana-sayfa\/wp-json\/wp\/v2\/product_brand?post=928"},{"taxonomy":"product_cat","embeddable":true,"href":"https:\/\/www.cromtest.com\/ana-sayfa\/wp-json\/wp\/v2\/product_cat?post=928"},{"taxonomy":"product_tag","embeddable":true,"href":"https:\/\/www.cromtest.com\/ana-sayfa\/wp-json\/wp\/v2\/product_tag?post=928"}],"curies":[{"name":"wp","href":"https:\/\/api.w.org\/{rel}","templated":true}]}}